{"id":1086,"date":"2025-06-09T10:32:41","date_gmt":"2025-06-09T10:32:41","guid":{"rendered":"https:\/\/www.studiowildorange.com\/?post_type=product&#038;p=1086"},"modified":"2026-01-14T17:49:29","modified_gmt":"2026-01-14T17:49:29","slug":"base-de-lampara-artesanal-de-rayas","status":"publish","type":"product","link":"https:\/\/www.studiowildorange.com\/es\/product\/stripes-handmade-lampbase\/","title":{"rendered":"Base de l\u00e1mpara de rayas hecha a mano"},"content":{"rendered":"<p>Base de l\u00e1mpara de rayas hecha a mano.<\/p>\n<p>Handcrafted in raw, unglazed ceramic, the Stripes lamp base features playful \u201cmini paintings\u201d across its square surface. Each stripe and mark adds character and personality, turning a simple lamp base into a small work of art.<br \/>\nLa base de l\u00e1mpara Stripes presenta divertidas \"mini pinturas\" en su superficie cuadrada. Cada raya y marca aporta car\u00e1cter y personalidad, convirtiendo una simple base de l\u00e1mpara en una peque\u00f1a obra de arte.<\/p>","protected":false},"excerpt":{"rendered":"<p>Stripes handmade lampbase. Handcrafted in raw, unglazed ceramic, the Stripes lamp base features playful \u201cmini paintings\u201d across its square surface. Each stripe and mark adds character and personality, turning a simple lamp base into a small work of art. With its geometric form and artistic detailing, Stripes fits beautifully in modern, minimalist, or eclectic interiors, [&#8230;]\n","protected":false},"featured_media":1038,"template":"","meta":[],"product_brand":[],"product_cat":[70,141],"product_tag":[80,139,137,138],"class_list":{"0":"post-1086","1":"product","2":"type-product","3":"status-publish","4":"has-post-thumbnail","6":"product_cat-lighting","7":"product_cat-stonescollection","8":"product_tag-handgemaakt","9":"product_tag-handgemaakte-lamp","10":"product_tag-lampenkap-lampenvoet","11":"product_tag-madeinspain","13":"first","14":"instock","15":"sold-individually","16":"purchasable","17":"product-type-simple"},"_links":{"self":[{"href":"https:\/\/www.studiowildorange.com\/es\/wp-json\/wp\/v2\/product\/1086","targetHints":{"allow":["GET"]}}],"collection":[{"href":"https:\/\/www.studiowildorange.com\/es\/wp-json\/wp\/v2\/product"}],"about":[{"href":"https:\/\/www.studiowildorange.com\/es\/wp-json\/wp\/v2\/types\/product"}],"wp:featuredmedia":[{"embeddable":true,"href":"https:\/\/www.studiowildorange.com\/es\/wp-json\/wp\/v2\/media\/1038"}],"wp:attachment":[{"href":"https:\/\/www.studiowildorange.com\/es\/wp-json\/wp\/v2\/media?parent=1086"}],"wp:term":[{"taxonomy":"product_brand","embeddable":true,"href":"https:\/\/www.studiowildorange.com\/es\/wp-json\/wp\/v2\/product_brand?post=1086"},{"taxonomy":"product_cat","embeddable":true,"href":"https:\/\/www.studiowildorange.com\/es\/wp-json\/wp\/v2\/product_cat?post=1086"},{"taxonomy":"product_tag","embeddable":true,"href":"https:\/\/www.studiowildorange.com\/es\/wp-json\/wp\/v2\/product_tag?post=1086"}],"curies":[{"name":"wp","href":"https:\/\/api.w.org\/{rel}","templated":true}]}}