{"id":1108,"date":"2025-06-10T15:10:00","date_gmt":"2025-06-10T15:10:00","guid":{"rendered":"https:\/\/www.studiowildorange.com\/?post_type=product&#038;p=1108"},"modified":"2026-02-07T16:57:08","modified_gmt":"2026-02-07T16:57:08","slug":"alice-in-wonderland-contemporary-ceramic-design","status":"publish","type":"product","link":"https:\/\/www.studiowildorange.com\/es\/product\/alice-in-wonderland-contemporary-ceramic-design\/","title":{"rendered":"Alice in Wonderland: un dise\u00f1o cer\u00e1mico contempor\u00e1neo"},"content":{"rendered":"<p>Alice in Wonderland una l\u00e1mpara de cer\u00e1mica de dise\u00f1o contempor\u00e1neo. Una l\u00e1mpara de mesa de cer\u00e1mica \u00fanica con un acabado blanco crema mate. Ella est\u00e1 ah\u00ed como un milagro. <\/p>","protected":false},"excerpt":{"rendered":"<p>Alice-in-Wonderland elevates your interior design with this handmade piece. A statement object. <\/p>","protected":false},"featured_media":890,"template":"","meta":[],"product_brand":[],"product_cat":[70,75],"product_tag":[232,229,274,231,228,233,139,230,171],"class_list":{"0":"post-1108","1":"product","2":"type-product","3":"status-publish","4":"has-post-thumbnail","6":"product_cat-lighting","7":"product_cat-our-favourites","8":"product_tag-artisan-lamp","9":"product_tag-artlamp","10":"product_tag-contemporary-design-object","11":"product_tag-design-object","12":"product_tag-designerlamp","13":"product_tag-handcrafted-homedecor","14":"product_tag-handgemaakte-lamp","15":"product_tag-statement-lamp","16":"product_tag-studio-wild-orange","17":"product_shipping_class-doos-50x45x50","19":"first","20":"instock","21":"sold-individually","22":"taxable","23":"shipping-taxable","24":"purchasable","25":"product-type-simple"},"_links":{"self":[{"href":"https:\/\/www.studiowildorange.com\/es\/wp-json\/wp\/v2\/product\/1108","targetHints":{"allow":["GET"]}}],"collection":[{"href":"https:\/\/www.studiowildorange.com\/es\/wp-json\/wp\/v2\/product"}],"about":[{"href":"https:\/\/www.studiowildorange.com\/es\/wp-json\/wp\/v2\/types\/product"}],"wp:featuredmedia":[{"embeddable":true,"href":"https:\/\/www.studiowildorange.com\/es\/wp-json\/wp\/v2\/media\/890"}],"wp:attachment":[{"href":"https:\/\/www.studiowildorange.com\/es\/wp-json\/wp\/v2\/media?parent=1108"}],"wp:term":[{"taxonomy":"product_brand","embeddable":true,"href":"https:\/\/www.studiowildorange.com\/es\/wp-json\/wp\/v2\/product_brand?post=1108"},{"taxonomy":"product_cat","embeddable":true,"href":"https:\/\/www.studiowildorange.com\/es\/wp-json\/wp\/v2\/product_cat?post=1108"},{"taxonomy":"product_tag","embeddable":true,"href":"https:\/\/www.studiowildorange.com\/es\/wp-json\/wp\/v2\/product_tag?post=1108"}],"curies":[{"name":"wp","href":"https:\/\/api.w.org\/{rel}","templated":true}]}}