{"id":1116,"date":"2025-06-10T16:27:13","date_gmt":"2025-06-10T16:27:13","guid":{"rendered":"https:\/\/www.studiowildorange.com\/?post_type=product&#038;p=1116"},"modified":"2026-02-07T16:59:06","modified_gmt":"2026-02-07T16:59:06","slug":"frutafresca","status":"publish","type":"product","link":"https:\/\/www.studiowildorange.com\/es\/product\/frutafresca\/","title":{"rendered":"Fruta Fresca dise\u00f1o holand\u00e9sl\u00e1mpara de cer\u00e1mica"},"content":{"rendered":"<p>Fruta Fresca dutch designlamp made by Studio Wild Orange. <\/p>","protected":false},"excerpt":{"rendered":"<p>Fruta Fresca dutch designlamp made of ceramics. It&#8217;s a joy ful piece.<\/p>","protected":false},"featured_media":955,"template":"","meta":[],"product_brand":[168],"product_cat":[70,141],"product_tag":[232,229,231,228,233,139,230,171],"class_list":{"0":"post-1116","1":"product","2":"type-product","3":"status-publish","4":"has-post-thumbnail","6":"product_brand-ing-ceramics","7":"product_cat-lighting","8":"product_cat-stonescollection","9":"product_tag-artisan-lamp","10":"product_tag-artlamp","11":"product_tag-design-object","12":"product_tag-designerlamp","13":"product_tag-handcrafted-homedecor","14":"product_tag-handgemaakte-lamp","15":"product_tag-statement-lamp","16":"product_tag-studio-wild-orange","17":"product_shipping_class-doos-50x45x50","19":"first","20":"instock","21":"sold-individually","22":"purchasable","23":"product-type-simple"},"_links":{"self":[{"href":"https:\/\/www.studiowildorange.com\/es\/wp-json\/wp\/v2\/product\/1116","targetHints":{"allow":["GET"]}}],"collection":[{"href":"https:\/\/www.studiowildorange.com\/es\/wp-json\/wp\/v2\/product"}],"about":[{"href":"https:\/\/www.studiowildorange.com\/es\/wp-json\/wp\/v2\/types\/product"}],"wp:featuredmedia":[{"embeddable":true,"href":"https:\/\/www.studiowildorange.com\/es\/wp-json\/wp\/v2\/media\/955"}],"wp:attachment":[{"href":"https:\/\/www.studiowildorange.com\/es\/wp-json\/wp\/v2\/media?parent=1116"}],"wp:term":[{"taxonomy":"product_brand","embeddable":true,"href":"https:\/\/www.studiowildorange.com\/es\/wp-json\/wp\/v2\/product_brand?post=1116"},{"taxonomy":"product_cat","embeddable":true,"href":"https:\/\/www.studiowildorange.com\/es\/wp-json\/wp\/v2\/product_cat?post=1116"},{"taxonomy":"product_tag","embeddable":true,"href":"https:\/\/www.studiowildorange.com\/es\/wp-json\/wp\/v2\/product_tag?post=1116"}],"curies":[{"name":"wp","href":"https:\/\/api.w.org\/{rel}","templated":true}]}}