{"id":1530,"date":"2025-06-18T09:14:53","date_gmt":"2025-06-18T09:14:53","guid":{"rendered":"https:\/\/www.studiowildorange.com\/?post_type=product&#038;p=1530"},"modified":"2026-02-07T16:56:01","modified_gmt":"2026-02-07T16:56:01","slug":"sonrie","status":"publish","type":"product","link":"https:\/\/www.studiowildorange.com\/es\/product\/smile\/","title":{"rendered":"Smile unique handmade lamp"},"content":{"rendered":"<p>Smile a unique handmade lamp. Handcrafted in raw, unglazed ceramic, Smile is a one-of-a-kind lamp base that radiates joy. Its sculptural form seems to smile back at you\u2014an uplifting presence that adds character and warmth to any room.<\/p>\n<p>Perfecta para interiores modernos, contempor\u00e1neos, escandinavos o minimalistas, Smile combina un dise\u00f1o pausado con una artesan\u00eda atemporal. Comb\u00ednala con una pantalla distintiva (se recomiendan 20-35 cm) para crear una pieza realmente personal.<\/p>\n<p>S\u00f3lo hay un Smile: un dise\u00f1o \u00fanico hecho para iluminar su hogar y su estado de \u00e1nimo.<\/p>","protected":false},"excerpt":{"rendered":"<p>Smile a unique handmade lamp. <\/p>","protected":false},"featured_media":1023,"template":"","meta":[],"product_brand":[168],"product_cat":[70,141],"product_tag":[232,229,231,228,233,139,230,171],"class_list":{"0":"post-1530","1":"product","2":"type-product","3":"status-publish","4":"has-post-thumbnail","6":"product_brand-ing-ceramics","7":"product_cat-lighting","8":"product_cat-stonescollection","9":"product_tag-artisan-lamp","10":"product_tag-artlamp","11":"product_tag-design-object","12":"product_tag-designerlamp","13":"product_tag-handcrafted-homedecor","14":"product_tag-handgemaakte-lamp","15":"product_tag-statement-lamp","16":"product_tag-studio-wild-orange","17":"product_shipping_class-doos-50x45x50","19":"first","20":"instock","21":"sold-individually","22":"taxable","23":"shipping-taxable","24":"purchasable","25":"product-type-simple"},"_links":{"self":[{"href":"https:\/\/www.studiowildorange.com\/es\/wp-json\/wp\/v2\/product\/1530","targetHints":{"allow":["GET"]}}],"collection":[{"href":"https:\/\/www.studiowildorange.com\/es\/wp-json\/wp\/v2\/product"}],"about":[{"href":"https:\/\/www.studiowildorange.com\/es\/wp-json\/wp\/v2\/types\/product"}],"wp:featuredmedia":[{"embeddable":true,"href":"https:\/\/www.studiowildorange.com\/es\/wp-json\/wp\/v2\/media\/1023"}],"wp:attachment":[{"href":"https:\/\/www.studiowildorange.com\/es\/wp-json\/wp\/v2\/media?parent=1530"}],"wp:term":[{"taxonomy":"product_brand","embeddable":true,"href":"https:\/\/www.studiowildorange.com\/es\/wp-json\/wp\/v2\/product_brand?post=1530"},{"taxonomy":"product_cat","embeddable":true,"href":"https:\/\/www.studiowildorange.com\/es\/wp-json\/wp\/v2\/product_cat?post=1530"},{"taxonomy":"product_tag","embeddable":true,"href":"https:\/\/www.studiowildorange.com\/es\/wp-json\/wp\/v2\/product_tag?post=1530"}],"curies":[{"name":"wp","href":"https:\/\/api.w.org\/{rel}","templated":true}]}}