{"id":2286,"date":"2025-08-26T20:32:45","date_gmt":"2025-08-26T20:32:45","guid":{"rendered":"https:\/\/www.studiowildorange.com\/?post_type=product&#038;p=2286"},"modified":"2026-02-07T16:42:48","modified_gmt":"2026-02-07T16:42:48","slug":"rayas","status":"publish","type":"product","link":"https:\/\/www.studiowildorange.com\/es\/product\/stripes\/","title":{"rendered":"Stripes handcrafted artesanal table lamp"},"content":{"rendered":"<p>Stripes es una l\u00e1mpara de mesa artesanal. Un dise\u00f1o \u00fanico de cer\u00e1mica cruda sin esmaltar. Una l\u00e1mpara de mesa que aporta mucha textura a cualquier habitaci\u00f3n.<br \/>\nLa base de l\u00e1mpara Stripes presenta divertidas \"mini pinturas\" en su superficie cuadrada. Cada raya y marca aporta car\u00e1cter y personalidad, convirtiendo una simple base de l\u00e1mpara en una peque\u00f1a obra de arte.<br \/>\nLa base de l\u00e1mpara Stripes presenta divertidas \"mini pinturas\" en su superficie cuadrada. Cada raya y marca aporta car\u00e1cter y personalidad, convirtiendo una simple base de l\u00e1mpara en una peque\u00f1a obra de arte.<\/p>\n<p>Nos encantan las rayas con nuestra pantalla de l\u00e1mpara realizada en original tejido mudcloth de rayas blancas y negras o negras con rayas blancas.<\/p>","protected":false},"excerpt":{"rendered":"<p>L\u00e1mpara de mesa artesanal con dise\u00f1o de rayas. Esta l\u00e1mpara es un punto focal en cualquier interior. Moderna y elegante.<\/p>","protected":false},"featured_media":3346,"template":"","meta":[],"product_brand":[],"product_cat":[70,141],"product_tag":[232,229,231,228,233,139,230,171],"class_list":{"0":"post-2286","1":"product","2":"type-product","3":"status-publish","4":"has-post-thumbnail","6":"product_cat-lighting","7":"product_cat-stonescollection","8":"product_tag-artisan-lamp","9":"product_tag-artlamp","10":"product_tag-design-object","11":"product_tag-designerlamp","12":"product_tag-handcrafted-homedecor","13":"product_tag-handgemaakte-lamp","14":"product_tag-statement-lamp","15":"product_tag-studio-wild-orange","16":"product_shipping_class-doos-50x45x50","18":"first","19":"instock","20":"sold-individually","21":"taxable","22":"shipping-taxable","23":"purchasable","24":"product-type-simple"},"_links":{"self":[{"href":"https:\/\/www.studiowildorange.com\/es\/wp-json\/wp\/v2\/product\/2286","targetHints":{"allow":["GET"]}}],"collection":[{"href":"https:\/\/www.studiowildorange.com\/es\/wp-json\/wp\/v2\/product"}],"about":[{"href":"https:\/\/www.studiowildorange.com\/es\/wp-json\/wp\/v2\/types\/product"}],"wp:featuredmedia":[{"embeddable":true,"href":"https:\/\/www.studiowildorange.com\/es\/wp-json\/wp\/v2\/media\/3346"}],"wp:attachment":[{"href":"https:\/\/www.studiowildorange.com\/es\/wp-json\/wp\/v2\/media?parent=2286"}],"wp:term":[{"taxonomy":"product_brand","embeddable":true,"href":"https:\/\/www.studiowildorange.com\/es\/wp-json\/wp\/v2\/product_brand?post=2286"},{"taxonomy":"product_cat","embeddable":true,"href":"https:\/\/www.studiowildorange.com\/es\/wp-json\/wp\/v2\/product_cat?post=2286"},{"taxonomy":"product_tag","embeddable":true,"href":"https:\/\/www.studiowildorange.com\/es\/wp-json\/wp\/v2\/product_tag?post=2286"}],"curies":[{"name":"wp","href":"https:\/\/api.w.org\/{rel}","templated":true}]}}