{"id":2288,"date":"2025-08-26T20:44:57","date_gmt":"2025-08-26T20:44:57","guid":{"rendered":"https:\/\/www.studiowildorange.com\/?post_type=product&#038;p=2288"},"modified":"2026-02-07T16:41:06","modified_gmt":"2026-02-07T16:41:06","slug":"wavy","status":"publish","type":"product","link":"https:\/\/www.studiowildorange.com\/es\/product\/wavy\/","title":{"rendered":"Wavy handmade ceramic lamp"},"content":{"rendered":"<p>Wavy is a handmade ceramic lamp. Inspired by the waves of the Mediterranean sea. <\/p>","protected":false},"excerpt":{"rendered":"<p>Wavy es una l\u00e1mpara de cer\u00e1mica hecha a mano. Forma parte de la colecci\u00f3n Sea. <\/p>","protected":false},"featured_media":2257,"template":"","meta":[],"product_brand":[],"product_cat":[70,142],"product_tag":[232,229,231,228,233,139,230,171],"class_list":{"0":"post-2288","1":"product","2":"type-product","3":"status-publish","4":"has-post-thumbnail","6":"product_cat-lighting","7":"product_cat-sea-collection","8":"product_tag-artisan-lamp","9":"product_tag-artlamp","10":"product_tag-design-object","11":"product_tag-designerlamp","12":"product_tag-handcrafted-homedecor","13":"product_tag-handgemaakte-lamp","14":"product_tag-statement-lamp","15":"product_tag-studio-wild-orange","16":"product_shipping_class-doos-50x45x50","18":"first","19":"instock","20":"sold-individually","21":"taxable","22":"shipping-taxable","23":"purchasable","24":"product-type-simple"},"_links":{"self":[{"href":"https:\/\/www.studiowildorange.com\/es\/wp-json\/wp\/v2\/product\/2288","targetHints":{"allow":["GET"]}}],"collection":[{"href":"https:\/\/www.studiowildorange.com\/es\/wp-json\/wp\/v2\/product"}],"about":[{"href":"https:\/\/www.studiowildorange.com\/es\/wp-json\/wp\/v2\/types\/product"}],"wp:featuredmedia":[{"embeddable":true,"href":"https:\/\/www.studiowildorange.com\/es\/wp-json\/wp\/v2\/media\/2257"}],"wp:attachment":[{"href":"https:\/\/www.studiowildorange.com\/es\/wp-json\/wp\/v2\/media?parent=2288"}],"wp:term":[{"taxonomy":"product_brand","embeddable":true,"href":"https:\/\/www.studiowildorange.com\/es\/wp-json\/wp\/v2\/product_brand?post=2288"},{"taxonomy":"product_cat","embeddable":true,"href":"https:\/\/www.studiowildorange.com\/es\/wp-json\/wp\/v2\/product_cat?post=2288"},{"taxonomy":"product_tag","embeddable":true,"href":"https:\/\/www.studiowildorange.com\/es\/wp-json\/wp\/v2\/product_tag?post=2288"}],"curies":[{"name":"wp","href":"https:\/\/api.w.org\/{rel}","templated":true}]}}