{"id":2292,"date":"2025-08-27T07:13:47","date_gmt":"2025-08-27T07:13:47","guid":{"rendered":"https:\/\/www.studiowildorange.com\/?post_type=product&#038;p=2292"},"modified":"2026-01-14T17:35:55","modified_gmt":"2026-01-14T17:35:55","slug":"totem-handmade-ceramic-lamp","status":"publish","type":"product","link":"https:\/\/www.studiowildorange.com\/es\/product\/totem-handmade-ceramic-lamp\/","title":{"rendered":"Totem l\u00e1mpara de mesa bohemia de cer\u00e1mica hecha a mano"},"content":{"rendered":"<p>Totem handmade ceramic bohemian table lamp in terra. Handcrafted in raw brown clay, the Totem lamp stands tall and grounded\u2014an earthy, sculptural statement that brings balance and strength to any space.<\/p>","protected":false},"excerpt":{"rendered":"<p>Fabricada a mano en arcilla marr\u00f3n cruda, la l\u00e1mpara Totem se yergue alta y s\u00f3lida: una declaraci\u00f3n terrosa y escultural que aporta equilibrio y fuerza a cualquier espacio.<\/p>","protected":false},"featured_media":1046,"template":"","meta":[],"product_brand":[],"product_cat":[70,141],"product_tag":[232,229,273,231,228,233,139,230,171],"class_list":{"0":"post-2292","1":"product","2":"type-product","3":"status-publish","4":"has-post-thumbnail","6":"product_cat-lighting","7":"product_cat-stonescollection","8":"product_tag-artisan-lamp","9":"product_tag-artlamp","10":"product_tag-boho-style","11":"product_tag-design-object","12":"product_tag-designerlamp","13":"product_tag-handcrafted-homedecor","14":"product_tag-handgemaakte-lamp","15":"product_tag-statement-lamp","16":"product_tag-studio-wild-orange","17":"product_shipping_class-doos-50x45x50","19":"first","20":"instock","21":"sold-individually","22":"taxable","23":"shipping-taxable","24":"purchasable","25":"product-type-simple"},"_links":{"self":[{"href":"https:\/\/www.studiowildorange.com\/es\/wp-json\/wp\/v2\/product\/2292","targetHints":{"allow":["GET"]}}],"collection":[{"href":"https:\/\/www.studiowildorange.com\/es\/wp-json\/wp\/v2\/product"}],"about":[{"href":"https:\/\/www.studiowildorange.com\/es\/wp-json\/wp\/v2\/types\/product"}],"wp:featuredmedia":[{"embeddable":true,"href":"https:\/\/www.studiowildorange.com\/es\/wp-json\/wp\/v2\/media\/1046"}],"wp:attachment":[{"href":"https:\/\/www.studiowildorange.com\/es\/wp-json\/wp\/v2\/media?parent=2292"}],"wp:term":[{"taxonomy":"product_brand","embeddable":true,"href":"https:\/\/www.studiowildorange.com\/es\/wp-json\/wp\/v2\/product_brand?post=2292"},{"taxonomy":"product_cat","embeddable":true,"href":"https:\/\/www.studiowildorange.com\/es\/wp-json\/wp\/v2\/product_cat?post=2292"},{"taxonomy":"product_tag","embeddable":true,"href":"https:\/\/www.studiowildorange.com\/es\/wp-json\/wp\/v2\/product_tag?post=2292"}],"curies":[{"name":"wp","href":"https:\/\/api.w.org\/{rel}","templated":true}]}}