{"id":2304,"date":"2025-08-27T09:53:21","date_gmt":"2025-08-27T09:53:21","guid":{"rendered":"https:\/\/www.studiowildorange.com\/?post_type=product&#038;p=2304"},"modified":"2026-01-11T19:46:09","modified_gmt":"2026-01-11T19:46:09","slug":"tribe-ceramic-boho-lamp","status":"publish","type":"product","link":"https:\/\/www.studiowildorange.com\/es\/product\/tribe-ceramic-boho-lamp\/","title":{"rendered":"Tribe l\u00e1mpara boho de cer\u00e1mica"},"content":{"rendered":"<p>Tribe es una l\u00e1mpara boho de cer\u00e1mica, hecha a mano en cer\u00e1mica sin esmaltar. Inspirada en los s\u00edmbolos ancestrales de nuestros ancestros. Rayas, c\u00edrculos y formas geom\u00e9tricas anta\u00f1o narraban historias de conexi\u00f3n, pertenencia y la vida misma.<br \/>\nEsta pieza es una oda a quienes nos precedieron: una interpretaci\u00f3n moderna de marcas atemporales que siguen vigentes hoy en d\u00eda. Tribe aporta profundidad, historia y significado a cualquier interior.<\/p>","protected":false},"excerpt":{"rendered":"<p>Tribe es una l\u00e1mpara boho de cer\u00e1mica, inspirada en los antiguos s\u00edmbolos de nuestros antepasados.<br \/>\nEsta pieza es una oda a quienes nos precedieron: una interpretaci\u00f3n moderna de marcas atemporales que siguen vigentes hoy en d\u00eda. Tribe aporta profundidad, historia y significado a cualquier interior.<\/p>","protected":false},"featured_media":2310,"template":"","meta":[],"product_brand":[],"product_cat":[70,141],"product_tag":[232,229,272,231,228,233,139,230,171],"class_list":{"0":"post-2304","1":"product","2":"type-product","3":"status-publish","4":"has-post-thumbnail","6":"product_cat-lighting","7":"product_cat-stonescollection","8":"product_tag-artisan-lamp","9":"product_tag-artlamp","10":"product_tag-boho-lamp","11":"product_tag-design-object","12":"product_tag-designerlamp","13":"product_tag-handcrafted-homedecor","14":"product_tag-handgemaakte-lamp","15":"product_tag-statement-lamp","16":"product_tag-studio-wild-orange","17":"product_shipping_class-doos-50x45x50","19":"first","20":"instock","21":"sold-individually","22":"purchasable","23":"product-type-simple"},"_links":{"self":[{"href":"https:\/\/www.studiowildorange.com\/es\/wp-json\/wp\/v2\/product\/2304","targetHints":{"allow":["GET"]}}],"collection":[{"href":"https:\/\/www.studiowildorange.com\/es\/wp-json\/wp\/v2\/product"}],"about":[{"href":"https:\/\/www.studiowildorange.com\/es\/wp-json\/wp\/v2\/types\/product"}],"wp:featuredmedia":[{"embeddable":true,"href":"https:\/\/www.studiowildorange.com\/es\/wp-json\/wp\/v2\/media\/2310"}],"wp:attachment":[{"href":"https:\/\/www.studiowildorange.com\/es\/wp-json\/wp\/v2\/media?parent=2304"}],"wp:term":[{"taxonomy":"product_brand","embeddable":true,"href":"https:\/\/www.studiowildorange.com\/es\/wp-json\/wp\/v2\/product_brand?post=2304"},{"taxonomy":"product_cat","embeddable":true,"href":"https:\/\/www.studiowildorange.com\/es\/wp-json\/wp\/v2\/product_cat?post=2304"},{"taxonomy":"product_tag","embeddable":true,"href":"https:\/\/www.studiowildorange.com\/es\/wp-json\/wp\/v2\/product_tag?post=2304"}],"curies":[{"name":"wp","href":"https:\/\/api.w.org\/{rel}","templated":true}]}}