{"id":2317,"date":"2025-08-28T05:31:27","date_gmt":"2025-08-28T05:31:27","guid":{"rendered":"https:\/\/www.studiowildorange.com\/?post_type=product&#038;p=2317"},"modified":"2026-02-07T16:38:23","modified_gmt":"2026-02-07T16:38:23","slug":"fragments-handmade-table-lamp","status":"publish","type":"product","link":"https:\/\/www.studiowildorange.com\/es\/product\/fragments-handmade-table-lamp\/","title":{"rendered":"Fragments una l\u00e1mpara de mesa \u00fanica hecha a mano"},"content":{"rendered":"<p>Fragments una l\u00e1mpara de mesa \u00fanica hecha a mano<br \/>\nFragments trata sobre las peque\u00f1as piezas que marcan la diferencia. Esculpida en cer\u00e1mica blanca sin esmaltar, la l\u00e1mpara Fragments captura la poes\u00eda de las piezas que encuentran su lugar. Su forma se inspira en fragmentos que parecen rompecabezas: formas individuales que, al unirse, crean un todo.<\/p>","protected":false},"excerpt":{"rendered":"<p>Esta l\u00e1mpara de cer\u00e1mica est\u00e1 hecha a mano, capa por capa. Una pieza \u00fanica y llamativa. <\/p>","protected":false},"featured_media":2248,"template":"","meta":[],"product_brand":[],"product_cat":[100,70,141],"product_tag":[232,229,231,228,233,139,230,171],"class_list":{"0":"post-2317","1":"product","2":"type-product","3":"status-publish","4":"has-post-thumbnail","6":"product_cat-lamp-combinations","7":"product_cat-lighting","8":"product_cat-stonescollection","9":"product_tag-artisan-lamp","10":"product_tag-artlamp","11":"product_tag-design-object","12":"product_tag-designerlamp","13":"product_tag-handcrafted-homedecor","14":"product_tag-handgemaakte-lamp","15":"product_tag-statement-lamp","16":"product_tag-studio-wild-orange","17":"product_shipping_class-doos-50x45x50","19":"first","20":"instock","21":"sold-individually","22":"taxable","23":"shipping-taxable","24":"purchasable","25":"product-type-simple"},"_links":{"self":[{"href":"https:\/\/www.studiowildorange.com\/es\/wp-json\/wp\/v2\/product\/2317","targetHints":{"allow":["GET"]}}],"collection":[{"href":"https:\/\/www.studiowildorange.com\/es\/wp-json\/wp\/v2\/product"}],"about":[{"href":"https:\/\/www.studiowildorange.com\/es\/wp-json\/wp\/v2\/types\/product"}],"wp:featuredmedia":[{"embeddable":true,"href":"https:\/\/www.studiowildorange.com\/es\/wp-json\/wp\/v2\/media\/2248"}],"wp:attachment":[{"href":"https:\/\/www.studiowildorange.com\/es\/wp-json\/wp\/v2\/media?parent=2317"}],"wp:term":[{"taxonomy":"product_brand","embeddable":true,"href":"https:\/\/www.studiowildorange.com\/es\/wp-json\/wp\/v2\/product_brand?post=2317"},{"taxonomy":"product_cat","embeddable":true,"href":"https:\/\/www.studiowildorange.com\/es\/wp-json\/wp\/v2\/product_cat?post=2317"},{"taxonomy":"product_tag","embeddable":true,"href":"https:\/\/www.studiowildorange.com\/es\/wp-json\/wp\/v2\/product_tag?post=2317"}],"curies":[{"name":"wp","href":"https:\/\/api.w.org\/{rel}","templated":true}]}}