{"id":2608,"date":"2025-10-04T18:52:48","date_gmt":"2025-10-04T18:52:48","guid":{"rendered":"https:\/\/www.studiowildorange.com\/?post_type=product&#038;p=2608"},"modified":"2026-01-11T19:22:58","modified_gmt":"2026-01-11T19:22:58","slug":"roots-handmade-organic","status":"publish","type":"product","link":"https:\/\/www.studiowildorange.com\/es\/product\/roots-handmade-organic\/","title":{"rendered":"Roots l\u00e1mpara organica hecho a mano"},"content":{"rendered":"<p>Roots handmade organic lamp. Hand-sculpted in white, unglazed ceramic. The Roots lamp embodies the organic elegance of nature. Its winding, root-like form seems to grow and intertwine, capturing the quiet strength of what lies beneath the surface. Each curve is shaped by hand, making every piece unique.<br \/>\nParte de la colecci\u00f3n Coming Together -una serie que celebra la conexi\u00f3n y la resistencia-, Roots cuenta una historia de enraizamiento y crecimiento. Una l\u00e1mpara de esta colecci\u00f3n fue nominada a los prestigiosos premios AMA, lo que pone de relieve su importancia art\u00edstica y de dise\u00f1o.<br \/>\nRoots es tanto una pieza escult\u00f3rica como una fuente de luz que transforma cualquier interior en un espacio de calidez, profundidad y belleza natural.<\/p>","protected":false},"excerpt":{"rendered":"<p>Roots handmade organic lamp. Hand-sculpted in white, unglazed ceramic. The Roots lamp embodies the organic elegance of nature. Its winding, root-like form seems to grow and intertwine, capturing the quiet strength of what lies beneath the surface. Each curve is shaped by hand, making every piece unique. Part of the Coming Together Collection\u2014a series that [&#8230;]\n","protected":false},"featured_media":2597,"template":"","meta":[],"product_brand":[],"product_cat":[100,70,75],"product_tag":[],"class_list":{"0":"post-2608","1":"product","2":"type-product","3":"status-publish","4":"has-post-thumbnail","6":"product_cat-lamp-combinations","7":"product_cat-lighting","8":"product_cat-our-favourites","10":"first","11":"instock","12":"taxable","13":"shipping-taxable","14":"purchasable","15":"product-type-simple"},"_links":{"self":[{"href":"https:\/\/www.studiowildorange.com\/es\/wp-json\/wp\/v2\/product\/2608","targetHints":{"allow":["GET"]}}],"collection":[{"href":"https:\/\/www.studiowildorange.com\/es\/wp-json\/wp\/v2\/product"}],"about":[{"href":"https:\/\/www.studiowildorange.com\/es\/wp-json\/wp\/v2\/types\/product"}],"wp:featuredmedia":[{"embeddable":true,"href":"https:\/\/www.studiowildorange.com\/es\/wp-json\/wp\/v2\/media\/2597"}],"wp:attachment":[{"href":"https:\/\/www.studiowildorange.com\/es\/wp-json\/wp\/v2\/media?parent=2608"}],"wp:term":[{"taxonomy":"product_brand","embeddable":true,"href":"https:\/\/www.studiowildorange.com\/es\/wp-json\/wp\/v2\/product_brand?post=2608"},{"taxonomy":"product_cat","embeddable":true,"href":"https:\/\/www.studiowildorange.com\/es\/wp-json\/wp\/v2\/product_cat?post=2608"},{"taxonomy":"product_tag","embeddable":true,"href":"https:\/\/www.studiowildorange.com\/es\/wp-json\/wp\/v2\/product_tag?post=2608"}],"curies":[{"name":"wp","href":"https:\/\/api.w.org\/{rel}","templated":true}]}}