{"id":2627,"date":"2025-10-04T19:48:56","date_gmt":"2025-10-04T19:48:56","guid":{"rendered":"https:\/\/www.studiowildorange.com\/?post_type=product&#038;p=2627"},"modified":"2026-02-07T16:30:00","modified_gmt":"2026-02-07T16:30:00","slug":"short-legs-handmade-ceramic-designlamp","status":"publish","type":"product","link":"https:\/\/www.studiowildorange.com\/es\/product\/short-legs-handmade-ceramic-designlamp\/","title":{"rendered":"L\u00e1mpara de dise\u00f1o de cer\u00e1mica hecha a mano"},"content":{"rendered":"<p>Short Legs is a handmade ceramic design lamp. Made from raw, unglazed white stoneware, the Short Legs lamp rests on two curved pillars, balanced, grounded, and inseparable. Its sculptural form reminds us that sometimes you need two to truly stand tall.<br \/>\nParte de la colecci\u00f3n Coming Together, Short Legs es un estudio sobre la fuerza, el apoyo y la armon\u00eda. Desde el punto de vista escult\u00f3rico, se trata de mantener el equilibrio para no caerse. Con sus curvas org\u00e1nicas y su superficie de cer\u00e1mica en bruto, destaca tanto como luz funcional como s\u00edmbolo significativo de unidad.<\/p>\n<a class=\"button primary\" >\n\t\t<span>order catalog pdf<\/span>\n\t<\/a>\n\n<a class=\"button white\" >\n\t\t<span>reach out<\/span>\n\t<\/a>","protected":false},"excerpt":{"rendered":"<p>This handmade ceramic design lamp is a statement in an interior. A unique piece that gives texture to a room. Handmade is the new trend. During the day an art piece, in the evening a light source.<\/p>","protected":false},"featured_media":2628,"template":"","meta":[],"product_brand":[],"product_cat":[241,70],"product_tag":[232,242,228,151,244,243,245],"class_list":{"0":"post-2627","1":"product","2":"type-product","3":"status-publish","4":"has-post-thumbnail","6":"product_cat-coming-together-collection","7":"product_cat-lighting","8":"product_tag-artisan-lamp","9":"product_tag-artisan-lighting","10":"product_tag-designerlamp","11":"product_tag-dutchdesign","12":"product_tag-handcrafted","13":"product_tag-luxuryinterior","14":"product_tag-modernlighting","15":"product_shipping_class-doos-50x45x50","17":"first","18":"instock","19":"taxable","20":"shipping-taxable","21":"purchasable","22":"product-type-simple"},"_links":{"self":[{"href":"https:\/\/www.studiowildorange.com\/es\/wp-json\/wp\/v2\/product\/2627","targetHints":{"allow":["GET"]}}],"collection":[{"href":"https:\/\/www.studiowildorange.com\/es\/wp-json\/wp\/v2\/product"}],"about":[{"href":"https:\/\/www.studiowildorange.com\/es\/wp-json\/wp\/v2\/types\/product"}],"wp:featuredmedia":[{"embeddable":true,"href":"https:\/\/www.studiowildorange.com\/es\/wp-json\/wp\/v2\/media\/2628"}],"wp:attachment":[{"href":"https:\/\/www.studiowildorange.com\/es\/wp-json\/wp\/v2\/media?parent=2627"}],"wp:term":[{"taxonomy":"product_brand","embeddable":true,"href":"https:\/\/www.studiowildorange.com\/es\/wp-json\/wp\/v2\/product_brand?post=2627"},{"taxonomy":"product_cat","embeddable":true,"href":"https:\/\/www.studiowildorange.com\/es\/wp-json\/wp\/v2\/product_cat?post=2627"},{"taxonomy":"product_tag","embeddable":true,"href":"https:\/\/www.studiowildorange.com\/es\/wp-json\/wp\/v2\/product_tag?post=2627"}],"curies":[{"name":"wp","href":"https:\/\/api.w.org\/{rel}","templated":true}]}}