{"id":2669,"date":"2025-10-09T18:41:27","date_gmt":"2025-10-09T18:41:27","guid":{"rendered":"https:\/\/www.studiowildorange.com\/?post_type=product&#038;p=2669"},"modified":"2026-02-07T16:26:16","modified_gmt":"2026-02-07T16:26:16","slug":"lampara-artesanal-ding-a-dong","status":"publish","type":"product","link":"https:\/\/www.studiowildorange.com\/es\/product\/ding-a-dong-handmade-lamp\/","title":{"rendered":"L\u00e1mpara artesanal Ding-a-dong"},"content":{"rendered":"<p>Ding-a-dong is a handmade lamp.<\/p>\n<p>Divertida y llena de encanto, la l\u00e1mpara de cer\u00e1mica artesanal Ding a Dong aporta un ritmo alegre a cualquier interior. Su forma escultural se mueve con las curvas y el equilibrio, convirti\u00e9ndola en una l\u00e1mpara funcional y un dise\u00f1o alegre. <\/p>\n<p>Ding-a-dong will survive trends and fits in different interior styles. <\/p>\n<a href=\"mailto:info@studiowildorange.com\" class=\"button primary\" >\n\t\t<span>request price or information<\/span>\n\t<\/a>","protected":false},"excerpt":{"rendered":"<p>Ding-a-dong es una l\u00e1mpara de cer\u00e1mica \u00fanica hecha a mano. Esta l\u00e1mpara sobrevivir\u00e1 a las tendencias, los cambios en los estilos de interior y ser\u00e1 su pieza de arte que aporta capa a su interior durante d\u00e9cadas.<\/p>","protected":false},"featured_media":2671,"template":"","meta":[],"product_brand":[],"product_cat":[70,141],"product_tag":[224,232,229,120,244,233,124],"class_list":{"0":"post-2669","1":"product","2":"type-product","3":"status-publish","4":"has-post-thumbnail","6":"product_cat-lighting","7":"product_cat-stonescollection","8":"product_tag-artisan-designobject","9":"product_tag-artisan-lamp","10":"product_tag-artlamp","11":"product_tag-designlamp","12":"product_tag-handcrafted","13":"product_tag-handcrafted-homedecor","14":"product_tag-handmadeinspain","16":"first","17":"instock","18":"sold-individually","19":"taxable","20":"shipping-taxable","21":"purchasable","22":"product-type-simple"},"_links":{"self":[{"href":"https:\/\/www.studiowildorange.com\/es\/wp-json\/wp\/v2\/product\/2669","targetHints":{"allow":["GET"]}}],"collection":[{"href":"https:\/\/www.studiowildorange.com\/es\/wp-json\/wp\/v2\/product"}],"about":[{"href":"https:\/\/www.studiowildorange.com\/es\/wp-json\/wp\/v2\/types\/product"}],"wp:featuredmedia":[{"embeddable":true,"href":"https:\/\/www.studiowildorange.com\/es\/wp-json\/wp\/v2\/media\/2671"}],"wp:attachment":[{"href":"https:\/\/www.studiowildorange.com\/es\/wp-json\/wp\/v2\/media?parent=2669"}],"wp:term":[{"taxonomy":"product_brand","embeddable":true,"href":"https:\/\/www.studiowildorange.com\/es\/wp-json\/wp\/v2\/product_brand?post=2669"},{"taxonomy":"product_cat","embeddable":true,"href":"https:\/\/www.studiowildorange.com\/es\/wp-json\/wp\/v2\/product_cat?post=2669"},{"taxonomy":"product_tag","embeddable":true,"href":"https:\/\/www.studiowildorange.com\/es\/wp-json\/wp\/v2\/product_tag?post=2669"}],"curies":[{"name":"wp","href":"https:\/\/api.w.org\/{rel}","templated":true}]}}