{"id":3175,"date":"2026-01-23T18:46:39","date_gmt":"2026-01-23T18:46:39","guid":{"rendered":"https:\/\/www.studiowildorange.com\/?post_type=product&#038;p=3175"},"modified":"2026-04-18T18:24:23","modified_gmt":"2026-04-18T18:24:23","slug":"pendant-lamp","status":"publish","type":"product","link":"https:\/\/www.studiowildorange.com\/es\/product\/pendant-lamp\/","title":{"rendered":"Crea tu propio l\u00e1mpara colgante"},"content":{"rendered":"<p>Crea tu propia l\u00e1mpara colgante de cer\u00e1mica con base blanca. Una pieza destacada para tu isla de cocina, bar, comedor o dormitorio. Personal\u00edzala con nuestras diversas formas y colores de cer\u00e1mica para crear tu propio dise\u00f1o.<\/p>","protected":false},"excerpt":{"rendered":"<p>Crea tu propio l\u00e1mpara colgante<\/p>","protected":false},"featured_media":3176,"template":"","meta":[],"product_brand":[],"product_cat":[70,289],"product_tag":[290,291],"class_list":{"0":"post-3175","1":"product","2":"type-product","3":"status-publish","4":"has-post-thumbnail","6":"product_cat-lighting","7":"product_cat-pendants","8":"product_tag-ceramic-pendant-lamp","9":"product_tag-create-your-own-lamp","11":"first","12":"onbackorder","13":"taxable","14":"shipping-taxable","15":"purchasable","16":"product-type-simple"},"_links":{"self":[{"href":"https:\/\/www.studiowildorange.com\/es\/wp-json\/wp\/v2\/product\/3175","targetHints":{"allow":["GET"]}}],"collection":[{"href":"https:\/\/www.studiowildorange.com\/es\/wp-json\/wp\/v2\/product"}],"about":[{"href":"https:\/\/www.studiowildorange.com\/es\/wp-json\/wp\/v2\/types\/product"}],"wp:featuredmedia":[{"embeddable":true,"href":"https:\/\/www.studiowildorange.com\/es\/wp-json\/wp\/v2\/media\/3176"}],"wp:attachment":[{"href":"https:\/\/www.studiowildorange.com\/es\/wp-json\/wp\/v2\/media?parent=3175"}],"wp:term":[{"taxonomy":"product_brand","embeddable":true,"href":"https:\/\/www.studiowildorange.com\/es\/wp-json\/wp\/v2\/product_brand?post=3175"},{"taxonomy":"product_cat","embeddable":true,"href":"https:\/\/www.studiowildorange.com\/es\/wp-json\/wp\/v2\/product_cat?post=3175"},{"taxonomy":"product_tag","embeddable":true,"href":"https:\/\/www.studiowildorange.com\/es\/wp-json\/wp\/v2\/product_tag?post=3175"}],"curies":[{"name":"wp","href":"https:\/\/api.w.org\/{rel}","templated":true}]}}