{"id":3333,"date":"2026-01-31T08:19:50","date_gmt":"2026-01-31T08:19:50","guid":{"rendered":"https:\/\/www.studiowildorange.com\/?post_type=product&#038;p=3333"},"modified":"2026-02-01T08:04:04","modified_gmt":"2026-02-01T08:04:04","slug":"totem-pole-with-little-items","status":"publish","type":"product","link":"https:\/\/www.studiowildorange.com\/es\/product\/totem-pole-with-little-items\/","title":{"rendered":"Tot\u00e9m con peque\u00f1as formas"},"content":{"rendered":"<p>These totem poles are made of little pieces. They differ in size and shape to give this sculptural base character. You can vary in color, Choose for 2 colors. And varie in sizes. How nice to have a longer and smaller totem pole next to each other.<\/p>\n<p>Una de nuestras fotograf\u00edas te da una idea de un t\u00f3tem de 100 cm y 150 cm juntos.<\/p>","protected":false},"excerpt":{"rendered":"<p>Estos t\u00f3tems est\u00e1n hechos de peque\u00f1as piezas. Puedes elegir entre dos colores y tama\u00f1os. \u00a1Qu\u00e9 bonito tener un t\u00f3tem m\u00e1s largo y otro m\u00e1s peque\u00f1o, uno al lado del otro!<\/p>\n<p>Una de nuestras fotograf\u00edas te da una idea de un t\u00f3tem de 100 cm y 150 cm juntos.<\/p>","protected":false},"featured_media":3337,"template":"","meta":[],"product_brand":[],"product_cat":[75,275],"product_tag":[301,298,299,300],"class_list":{"0":"post-3333","1":"product","2":"type-product","3":"status-publish","4":"has-post-thumbnail","6":"product_cat-our-favourites","7":"product_cat-totems","8":"product_tag-art-object","9":"product_tag-sculpture","10":"product_tag-totem-pole","11":"product_tag-totems","13":"first","14":"instock","15":"taxable","16":"shipping-taxable","17":"product-type-simple"},"_links":{"self":[{"href":"https:\/\/www.studiowildorange.com\/es\/wp-json\/wp\/v2\/product\/3333","targetHints":{"allow":["GET"]}}],"collection":[{"href":"https:\/\/www.studiowildorange.com\/es\/wp-json\/wp\/v2\/product"}],"about":[{"href":"https:\/\/www.studiowildorange.com\/es\/wp-json\/wp\/v2\/types\/product"}],"wp:featuredmedia":[{"embeddable":true,"href":"https:\/\/www.studiowildorange.com\/es\/wp-json\/wp\/v2\/media\/3337"}],"wp:attachment":[{"href":"https:\/\/www.studiowildorange.com\/es\/wp-json\/wp\/v2\/media?parent=3333"}],"wp:term":[{"taxonomy":"product_brand","embeddable":true,"href":"https:\/\/www.studiowildorange.com\/es\/wp-json\/wp\/v2\/product_brand?post=3333"},{"taxonomy":"product_cat","embeddable":true,"href":"https:\/\/www.studiowildorange.com\/es\/wp-json\/wp\/v2\/product_cat?post=3333"},{"taxonomy":"product_tag","embeddable":true,"href":"https:\/\/www.studiowildorange.com\/es\/wp-json\/wp\/v2\/product_tag?post=3333"}],"curies":[{"name":"wp","href":"https:\/\/api.w.org\/{rel}","templated":true}]}}